{"id":89,"date":"2016-06-13T07:01:17","date_gmt":"2016-06-13T05:01:17","guid":{"rendered":"http:\/\/limfjorden.danmarksveteraner.dk\/wordpress\/?page_id=89"},"modified":"2025-06-23T10:17:21","modified_gmt":"2025-06-23T08:17:21","slug":"organisation","status":"publish","type":"page","link":"https:\/\/limfjorden.danmarksveteraner.dk\/wordpress\/","title":{"rendered":""},"content":{"rendered":"<h4 style=\"text-align: center;\"><a href=\"http:\/\/limfjorden.danmarksveteraner.dk\/wordpress\/wp-content\/uploads\/2016\/06\/veteran.gif\"><img loading=\"lazy\" decoding=\"async\" class=\"size-full wp-image-110 alignleft\" src=\"http:\/\/limfjorden.danmarksveteraner.dk\/wordpress\/wp-content\/uploads\/2016\/06\/veteran.gif\" alt=\"veteran\" width=\"152\" height=\"170\" \/><\/a><a href=\"http:\/\/limfjorden.danmarksveteraner.dk\/wordpress\/wp-content\/uploads\/2016\/06\/5faner65.jpg\"><img loading=\"lazy\" decoding=\"async\" class=\"size-thumbnail wp-image-104 alignright\" src=\"http:\/\/limfjorden.danmarksveteraner.dk\/wordpress\/wp-content\/uploads\/2016\/06\/5faner65-150x150.jpg\" alt=\"\" width=\"150\" height=\"150\" \/><\/a><\/h4>\n<h4 style=\"text-align: center;\">Velkommen til<\/h4>\n<h4 style=\"text-align: center;\"><strong>Danmarks Veteraner, Limfjorden<\/strong>.<\/h4>\n<p>Danmarks Veteraner, Limfjorden er en traditionsrig forening, som har eksisteret siden 1971. Foreningen er en af mere end 25 foreninger under landsforeningen Danmarks Veteraner og Veteranst\u00f8tten. Foreningen har st\u00e6rke historiske relationer til \u2019De Bl\u00e5 Baretter\u2019, forg\u00e6ngeren til \u2019Danmarks Veteraner\u2019.<\/p>\n<p>Danmarks Veteraner og Veteranst\u00f8tten hj\u00e6lper veteraner hele \u00e5ret rundt, alle ugens dage.<\/p>\n<p>Vores st\u00f8tte starter efter den f\u00f8rste udsendelse og forts\u00e6tter gennem hele livet, l\u00e6nge efter at tjenesten er slut.<\/p>\n<p>V\u00e6r en del af et f\u00e6llesskab, der tror p\u00e5 veteransagen, og f\u00e5 meningsfyldt sammenhold med ligesindede i en af vores lokale eller nationale foreninger.<\/p>\n<p>Uanset om det er fundraising, deltagelse i mindeh\u00f8jtideligheder eller bare at v\u00e6re til stede for at styrke samv\u00e6ret med andre \u2013 bidrager vi til at sikre, at alle veteraner kan f\u00e5 adgang til de aktiviteter og den st\u00f8tte, vi tilbyder.<\/p>\n<p>Tag en aktiv rolle i organisationen og n\u00e5 ud til veteraner i dit lokalsamfund, iv\u00e6rks\u00e6t nye initiativer eller giv din stemme om, hvad vi g\u00f8r, og hvordan vi skal g\u00f8re det.<\/p>\n<p>Danmarks Veteraner er et nationalt veteran f\u00e6llesskab, der fokuserer p\u00e5 veteraner og deres familier.<\/p>\n<p>Limfjorden er din nordjyske indgang til det nationale veteran-netv\u00e6rk, hvor et medlemskab b\u00e5de giver adgang til foreningens lokale aktiviteter og til veterantilbud p\u00e5 tv\u00e6rs af en r\u00e6kke andre akt\u00f8rer og myndigheder.<\/p>\n<p>For at sige tak for din st\u00f8tte er vi glade for at kunne tilbyde vores medlemmer et bredt udvalg af eksklusive tilbud og rabatter, herunder prioriterede billetter til en lang r\u00e6kke aktiviteter og festivaler.<\/p>\n<p>Kom og v\u00e6r med!<\/p>\n\n\n<figure class=\"wp-block-image aligncenter size-full is-resized\"><a href=\"https:\/\/limfjorden.danmarksveteraner.dk\/wordpress\/wp-content\/uploads\/2017\/07\/Logo-DV-meget-lille.png\"><img loading=\"lazy\" decoding=\"async\" width=\"114\" height=\"132\" src=\"https:\/\/limfjorden.danmarksveteraner.dk\/wordpress\/wp-content\/uploads\/2017\/07\/Logo-DV-meget-lille.png\" alt=\"\" class=\"wp-image-433\" style=\"width:131px;height:auto\"\/><\/a><\/figure>\n\n\n\n\n\n<p class=\"wp-block-paragraph\"><\/p>\n","protected":false},"excerpt":{"rendered":"<p>Velkommen til Danmarks Veteraner, Limfjorden. Danmarks Veteraner, Limfjorden er en traditionsrig forening, som har eksisteret siden 1971. Foreningen er en<\/p>\n","protected":false},"author":1,"featured_media":0,"parent":0,"menu_order":10,"comment_status":"closed","ping_status":"closed","template":"","meta":{"_crdt_document":"","footnotes":""},"class_list":["post-89","page","type-page","status-publish","hentry"],"_links":{"self":[{"href":"https:\/\/limfjorden.danmarksveteraner.dk\/wordpress\/wp-json\/wp\/v2\/pages\/89","targetHints":{"allow":["GET"]}}],"collection":[{"href":"https:\/\/limfjorden.danmarksveteraner.dk\/wordpress\/wp-json\/wp\/v2\/pages"}],"about":[{"href":"https:\/\/limfjorden.danmarksveteraner.dk\/wordpress\/wp-json\/wp\/v2\/types\/page"}],"author":[{"embeddable":true,"href":"https:\/\/limfjorden.danmarksveteraner.dk\/wordpress\/wp-json\/wp\/v2\/users\/1"}],"replies":[{"embeddable":true,"href":"https:\/\/limfjorden.danmarksveteraner.dk\/wordpress\/wp-json\/wp\/v2\/comments?post=89"}],"version-history":[{"count":77,"href":"https:\/\/limfjorden.danmarksveteraner.dk\/wordpress\/wp-json\/wp\/v2\/pages\/89\/revisions"}],"predecessor-version":[{"id":2445,"href":"https:\/\/limfjorden.danmarksveteraner.dk\/wordpress\/wp-json\/wp\/v2\/pages\/89\/revisions\/2445"}],"wp:attachment":[{"href":"https:\/\/limfjorden.danmarksveteraner.dk\/wordpress\/wp-json\/wp\/v2\/media?parent=89"}],"curies":[{"name":"wp","href":"https:\/\/api.w.org\/{rel}","templated":true}]}}