{"id":56,"date":"2016-05-14T12:44:45","date_gmt":"2016-05-14T10:44:45","guid":{"rendered":"http:\/\/test.danmarksveteraner.dk\/wordpress\/?page_id=56"},"modified":"2018-01-10T20:43:52","modified_gmt":"2018-01-10T19:43:52","slug":"kontakt-os","status":"publish","type":"page","link":"https:\/\/limfjorden.danmarksveteraner.dk\/wordpress\/kontakt-os\/","title":{"rendered":"Kontakt"},"content":{"rendered":"<p>\u00d8nsker du at melde dig ind i Danmarks Veteraner, \u00e6ndre dine kontaktoplysninger som medlem eller komme i kontakt med landsforeningen, s\u00e5 er der nogle nyttige links herunder.<\/p>\n<ul>\n<li><a href=\"http:\/\/danmarksveteraner.dk\/wordpress\/?page_id=90\" target=\"_blank\" rel=\"noopener\">Indmeldelse i foreningen<\/a><\/li>\n<li><a href=\"http:\/\/danmarksveteraner.dk\/wordpress\/?page_id=103\" target=\"_blank\" rel=\"noopener\">\u00c6ndring af medlemmers kontakt oplysninger<\/a><\/li>\n<li><a href=\"http:\/\/danmarksveteraner.dk\/wordpress\/?page_id=617\" target=\"_blank\" rel=\"noopener\">Kontakt til landsforeningen<\/a><\/li>\n<\/ul>\n<p>\u00d8nsker du at komme i kontakt med lokalforeningen s\u00e5 udfyld nedenst\u00e5ende formular og tryk p\u00e5 SEND. Alle felter skal udfyldes.<\/p>\n<div style=\"display:none\" class=\"fm-form-container fm-theme1\"><div id=\"fm-pages1\" class=\"fm-pages wdform_page_navigation \" show_title=\"false\" show_numbers=\"true\" type=\"none\"><\/div><form name=\"form1\" action=\"\/wordpress\/wp-json\/wp\/v2\/pages\/56\" method=\"post\" id=\"form1\" class=\"fm-form form1  \" enctype=\"multipart\/form-data\"><input type=\"hidden\" id=\"counter1\" value=\"8\" name=\"counter1\" \/><input type=\"hidden\" id=\"Itemid1\" value=\"\" name=\"Itemid1\" \/><input type=\"hidden\" id=\"fm_shake1\" value=\"1\" name=\"fm_shake1\" \/><input type=\"text\" class=\"fm-hide\" id=\"fm_bot_validation1\" value=\"\" name=\"fm_bot_validation1\" \/><input type=\"text\" class=\"fm-hide\" id=\"fm_empty_field_validation1\" value=\"\" name=\"fm_empty_field_validation1\" data-value=\"bd736efb144d599cf463541431fbf5c4\" \/><div class=\"wdform-page-and-images\" style=\"display:table; border-top:0px solid black;\"><div class=\"wdform_page\" id=\"1form_view1\" previous_checkable=\"false\" previous_class=\"wdform-page-button\" previous_type=\"text\" previous_title=\"Previous\" next_checkable=\"false\" next_class=\"wdform-page-button\" next_type=\"text\" next_title=\"Next\" page_title=\"Untitled page\"><div class=\"wdform_section\"><div class=\"wdform_column \"><div class=\"wdform_row \" wdid=\"1\"><div type=\"type_name\" class=\"wdform-field wd-width-100 wd-flex wd-flex-row\" ><div class=\"wdform-label-section wd-width-30  wd-flex-row\" style=\"max-width: 150px;\">    <label  for=\"wdform_1_element_first1\" class=\"wdform-label\">Navn:<\/label><span class=\"wdform-required\">*<\/span><\/div><div class=\"wdform-element-section wd-flex  wd-flex-row wd-width-70\" style=\"max-width: 100px;\"><div class=\"wd-flex wd-flex-column wd-width-50\"><input type=\"text\" class=\"wd-width-100\" id=\"wdform_1_element_first1\" name=\"wdform_1_element_first1\" value=\"\" title=\"\" placeholder=\"\"  \/><label class=\"mini_label\" for=\"wdform_1_element_first1\">Fornavn<\/label><\/div><div class=\"wd-flex wd-flex-column wd-name-separator\"><\/div><div class=\"wd-flex wd-flex-column wd-width-50\"><input type=\"text\" class=\"wd-width-100\" id=\"wdform_1_element_last1\" name=\"wdform_1_element_last1\" value=\"\" title=\"\" placeholder=\"\"  \/><label class=\"mini_label\" for=\"wdform_1_element_last1\">Efternavn<\/label><\/div><\/div><\/div><\/div><div class=\"wdform_row \" wdid=\"2\"><div type=\"type_submitter_mail\" class=\"wdform-field wd-width-100 wd-flex wd-flex-row\" ><div class=\"wdform-label-section wd-width-30  wd-flex-row\" style=\"max-width: 150px;\">    <label  for=\"wdform_2_element1\" class=\"wdform-label\">E-mail:<\/label><span class=\"wdform-required\">*<\/span><\/div><div class=\"wdform-element-section wd-flex  wd-flex-row wd-width-70\" style=\"max-width: 200px;\"><input type=\"text\" class=\"wd-width-100\" id=\"wdform_2_element1\" name=\"wdform_2_element1\" value=\"\" title=\"\" placeholder=\"\"   onchange=\"wd_check_email('2', '1', 'Dette er ikke en gyldig e-mail-adresse.')\" \/><\/div><\/div><\/div><div class=\"wdform_row \" wdid=\"6\"><div type=\"type_phone\" class=\"wdform-field wd-width-100 wd-flex wd-flex-row\" ><div class=\"wdform-label-section wd-width-30  wd-flex-row\" style=\"max-width: 150px;\">    <label  for=\"wdform_6_element_first1\" class=\"wdform-label\">Telefonnummer:<\/label><span class=\"wdform-required\">*<\/span><\/div><div class=\"wdform-element-section wd-flex  wd-flex-row wd-width-70\" style=\"max-width: 135px;\"><div class=\"wd-flex wd-flex-column wd-width-20\">                <input type=\"text\" class=\"wd-phone-first\" id=\"wdform_6_element_first1\" name=\"wdform_6_element_first1\" value=\"0045\" title=\"0045\" placeholder=\"0045\" >                <label for=\"wdform_6_element_first1\" class=\"mini_label wd-flex-column\">Landekode<\/label>              <\/div>              <div>                <div class=\"wd-flex wd-flex-column \">&nbsp;-&nbsp;<\/div>              <\/div>              <div class=\"wd-flex wd-flex-column wd-width-80\">                <input type=\"text\" class=\"wd-flex-column wd-width-100\" id=\"wdform_6_element_last1\" name=\"wdform_6_element_last1\" value=\"\" title=\"\" placeholder=\"\"  \/>                <label for=\"wdform_6_element_last1\" class=\"wd-flex-column mini_label\">Telefonnummer<\/label>              <\/div><\/div><\/div><\/div><div class=\"wdform_row \" wdid=\"3\"><div type=\"type_text\" class=\"wdform-field wd-width-100 wd-flex wd-flex-row\" ><div class=\"wdform-label-section wd-width-30  wd-flex-row wd-align-items-center\" style=\"max-width: 150px;\">    <label  for=\"wdform_3_element1\" class=\"wdform-label\">Emne:<\/label><span class=\"wdform-required\">*<\/span><\/div><div class=\"wdform-element-section wd-flex  wd-flex-row wd-align-items-center wd-width-70\" style=\"max-width: 200px;\"><input type=\"text\"                           class=\"wd-width-100\"                           id=\"wdform_3_element1\"                           name=\"wdform_3_element1\"                           value=\"\"                           title=\"\"                           placeholder=\"\"                                                       \/><\/div><\/div><\/div><div class=\"wdform_row \" wdid=\"4\"><div type=\"type_textarea\" class=\"wdform-field wd-width-100 wd-flex wd-flex-row\" ><div class=\"wdform-label-section wd-width-30 \" style=\"max-width: 150px;\">    <label  for=\"wdform_4_element1\" class=\"wdform-label\">Bem\u00e6rkninger:<\/label><span class=\"wdform-required\">*<\/span><\/div><div class=\"wdform-element-section wd-flex  wd-width-70\" style=\"max-width: 200px;\"><textarea class=\"wd-width-100\"                      id=\"wdform_4_element1\"                      name=\"wdform_4_element1\"                      placeholder=\"\"                      maxlength=\"\"                      style=\"height: 100px;\"                      ><\/textarea><\/div><\/div><\/div><div class=\"wdform_row \" wdid=\"7\"><div type=\"type_captcha\" class=\"wdform-field wd-width-100 wd-flex wd-flex-row\" ><div class=\"wdform-label-section wd-width-30  wd-flex-row wd-align-items-center\" style=\"max-width: 150px;\">    <label  for=\"wd_captcha_input1\" class=\"wdform-label\">Skriv bogstaverne:<\/label><\/div><div class=\"wdform-element-section wd-flex  wd-flex-row wd-align-items-center wd-width-70\" ><img decoding=\"async\" type=\"captcha\"                           digit=\"6\"                           src=\" https:\/\/limfjorden.danmarksveteraner.dk\/wordpress\/wp-admin\/admin-ajax.php?action=formmakerwdcaptcha&digit=6&i=1\"                           id=\"wd_captcha1\"                           class=\"captcha_img wd-hidden\"                            \/><div class=\"captcha_refresh\" id=\"_element_refresh1\" ><\/div><input type=\"text\"                              class=\"captcha_input\"                              id=\"wd_captcha_input1\"                              name=\"captcha_input\"                              style=\"width: 80px;\"                               \/><\/div><\/div><\/div><div class=\"wdform_row \" wdid=\"5\"><div type=\"type_submit_reset\" class=\"wdform-field wd-width-100 wd-flex wd-flex-column\" ><div class=\"wdform-element-section wd-flex  wd-flex-row wd-width-100\" ><button  type=\"button\" class=\"button-submit\" onclick=\"fm_submit_form('1');\"  data-ajax=\"0\"><span class=\"fm-submit-loading spinner fm-ico-spinner\"><\/span>SEND<\/button><button  type=\"button\" class=\"button-reset \" onclick=\"fm_reset_form(1);\" >NULSTIL<\/button><\/div><\/div><\/div><\/div><\/div><div class=\"wdform_footer\" style=\"width: 100%;\" valign=\"top\"><div style=\"width: 100%;\"><div style=\"width: 100%; display: table;\"><div style=\"display: table-row-group;\"><div id=\"1page_nav1\" style=\"display: table-row;\"><\/div><\/div><\/div><\/div><\/div><\/div><\/div><div class=\"wdform_preload\"><\/div><\/form><\/div>\n","protected":false},"excerpt":{"rendered":"<p>\u00d8nsker du at melde dig ind i Danmarks Veteraner, \u00e6ndre dine kontaktoplysninger som medlem eller komme i kontakt med landsforeningen,<\/p>\n","protected":false},"author":1,"featured_media":0,"parent":0,"menu_order":80,"comment_status":"closed","ping_status":"closed","template":"","meta":{"_crdt_document":"","footnotes":""},"class_list":["post-56","page","type-page","status-publish","hentry"],"_links":{"self":[{"href":"https:\/\/limfjorden.danmarksveteraner.dk\/wordpress\/wp-json\/wp\/v2\/pages\/56","targetHints":{"allow":["GET"]}}],"collection":[{"href":"https:\/\/limfjorden.danmarksveteraner.dk\/wordpress\/wp-json\/wp\/v2\/pages"}],"about":[{"href":"https:\/\/limfjorden.danmarksveteraner.dk\/wordpress\/wp-json\/wp\/v2\/types\/page"}],"author":[{"embeddable":true,"href":"https:\/\/limfjorden.danmarksveteraner.dk\/wordpress\/wp-json\/wp\/v2\/users\/1"}],"replies":[{"embeddable":true,"href":"https:\/\/limfjorden.danmarksveteraner.dk\/wordpress\/wp-json\/wp\/v2\/comments?post=56"}],"version-history":[{"count":2,"href":"https:\/\/limfjorden.danmarksveteraner.dk\/wordpress\/wp-json\/wp\/v2\/pages\/56\/revisions"}],"predecessor-version":[{"id":637,"href":"https:\/\/limfjorden.danmarksveteraner.dk\/wordpress\/wp-json\/wp\/v2\/pages\/56\/revisions\/637"}],"wp:attachment":[{"href":"https:\/\/limfjorden.danmarksveteraner.dk\/wordpress\/wp-json\/wp\/v2\/media?parent=56"}],"curies":[{"name":"wp","href":"https:\/\/api.w.org\/{rel}","templated":true}]}}