{"id":42,"date":"2016-05-14T12:15:21","date_gmt":"2016-05-14T12:15:21","guid":{"rendered":"http:\/\/test.danmarksveteraner.dk\/wordpress\/?page_id=42"},"modified":"2024-12-03T00:23:17","modified_gmt":"2024-12-02T23:23:17","slug":"historie","status":"publish","type":"page","link":"https:\/\/limfjorden.danmarksveteraner.dk\/wordpress\/organisation\/historie\/","title":{"rendered":"Historie"},"content":{"rendered":"<p id=\"overskrift\">Historie<\/p>\n<blockquote><p>Landsforeningen:<br \/>\nForeningen er oprettet den 26.oktober 1968 p\u00e5 initiativ af Gaza styrkens f\u00f8rste chef Oberst Carl Egnholm.<br \/>\nHerefter spredes ideen til hele landet og i dag t\u00e6ller landsforeningen 29 lokalforeninger, hvoraf LIMFJORDEN er en af dem.<\/p>\n<p>\u201d LIMFJORDEN \u201d:<br \/>\nDen 4. oktober 1971, satte 27 tidligere FN-soldater hinanden st\u00e6vne p\u00e5 Hjemmev\u00e6rnsg\u00e5rden p\u00e5 Kornblomstvej, med det form\u00e5l at oprette en forening under De BL\u00c5 BARETTER.<br \/>\nP\u00e5 den efterf\u00f8lgende stiftende generalforsamling blev foreningen en realitet og fik navnet LIMFJORDEN.<\/p>\n<p>Landsforeningen motto er \u201d <b>TIL \u00c6RE FOR DEN VELORGANISEREDE INDSATS AF DANSKE SOLDATER, OBSERVAT\u00d8RER OG POLITIFOLK I FNs FREDSBEVARENDE STYRKER.\u201d<\/b><br \/>\nDette motto g\u00e6lder naturligvis ogs\u00e5 for LIMFJORDEN.<\/p>\n<p>Indtil 23. september 2000, bestod foreningen udelukkende af tidligere FN-personel.<\/p>\n<p>i henhold til vedt\u00e6gts\u00e6ndring den 23. sep. 2000 kan personel udsendt i fredsbevarende og humanit\u00e6re missioner for andre end FN, f.eks. NATO, OSCE og EU optages i Danmarks Veteraner.<\/p>\n<p>Landsforeningen t\u00e6ller i dag 3.500 medlemmer, hvoraf de 241 er tilknyttet LIMFJORDEN. 62% af disse medlemmer er bosiddende i Aalborg og omegn, men foreningen d\u00e6kker et omr\u00e5de fra Skagen i Nord, Fjerritslev i Vest til Hadsund i Syd. 48% af medlemmerne er tidligere personel der har gjort tjeneste ved Dronningens Livregiment og Tr\u00e6nregimentet.<\/p>\n<p>Efter de f\u00f8rste 29 \u00e5r at have holdt til i forskellige lokaler, fik foreningen egne lokaler p\u00e5 Aalborg Kaserne i 2000, hvor man har indrettet sig med en \u201d FN \u2013 stue\u201d, som danner ramme for m\u00f8der og arrangementer. Limfjorden er i dag en levende og velfungerende forening i udvikling.<\/p>\n<p>Foreningen ledes af en 5 mands bestyrelse, og har flere arrangementer i l\u00f8bet af \u00e5ret.<br \/>\nUdover dette er man ogs\u00e5 tilsluttet VETERANST\u00d8TTEN, det er en telefonlinje bemandet med frivilligt personel, som hj\u00e6lper<br \/>\nhjemvendt personel, som har udfordringer med at f\u00e5 hverdagen til at fungere, efter de har v\u00e6ret udstationeret i udlandet.<\/p>\n<p>Vi\u00a0 har et aktivt samarbejde med andre veteran-akt\u00f8rer og foreninger i indland og udland.<\/p>\n<p>Vi deltager i samarbejdet med de \u00f8vrige soldaterforeninger i Aalborg, gennem medlemskab at De Samvirkende Soldaterforeninger<\/p><\/blockquote>\n","protected":false},"excerpt":{"rendered":"<p>Historie Landsforeningen: Foreningen er oprettet den 26.oktober 1968 p\u00e5 initiativ af Gaza styrkens f\u00f8rste chef Oberst Carl Egnholm. Herefter spredes<\/p>\n","protected":false},"author":1,"featured_media":0,"parent":89,"menu_order":3,"comment_status":"closed","ping_status":"closed","template":"","meta":{"_crdt_document":"","footnotes":""},"class_list":["post-42","page","type-page","status-publish","hentry"],"_links":{"self":[{"href":"https:\/\/limfjorden.danmarksveteraner.dk\/wordpress\/wp-json\/wp\/v2\/pages\/42","targetHints":{"allow":["GET"]}}],"collection":[{"href":"https:\/\/limfjorden.danmarksveteraner.dk\/wordpress\/wp-json\/wp\/v2\/pages"}],"about":[{"href":"https:\/\/limfjorden.danmarksveteraner.dk\/wordpress\/wp-json\/wp\/v2\/types\/page"}],"author":[{"embeddable":true,"href":"https:\/\/limfjorden.danmarksveteraner.dk\/wordpress\/wp-json\/wp\/v2\/users\/1"}],"replies":[{"embeddable":true,"href":"https:\/\/limfjorden.danmarksveteraner.dk\/wordpress\/wp-json\/wp\/v2\/comments?post=42"}],"version-history":[{"count":4,"href":"https:\/\/limfjorden.danmarksveteraner.dk\/wordpress\/wp-json\/wp\/v2\/pages\/42\/revisions"}],"predecessor-version":[{"id":1953,"href":"https:\/\/limfjorden.danmarksveteraner.dk\/wordpress\/wp-json\/wp\/v2\/pages\/42\/revisions\/1953"}],"up":[{"embeddable":true,"href":"https:\/\/limfjorden.danmarksveteraner.dk\/wordpress\/wp-json\/wp\/v2\/pages\/89"}],"wp:attachment":[{"href":"https:\/\/limfjorden.danmarksveteraner.dk\/wordpress\/wp-json\/wp\/v2\/media?parent=42"}],"curies":[{"name":"wp","href":"https:\/\/api.w.org\/{rel}","templated":true}]}}