{"id":2894,"date":"2026-04-29T13:00:34","date_gmt":"2026-04-29T11:00:34","guid":{"rendered":"https:\/\/limfjorden.danmarksveteraner.dk\/wordpress\/?page_id=2894"},"modified":"2026-04-29T13:00:35","modified_gmt":"2026-04-29T11:00:35","slug":"peacekeepers-day-aalborg","status":"publish","type":"page","link":"https:\/\/limfjorden.danmarksveteraner.dk\/wordpress\/aktiviteter\/lokalforeningens-aktiviteter\/peacekeepers-day-aalborg\/","title":{"rendered":"Peacekeeper&#8217;s Day &#8211; Aalborg"},"content":{"rendered":"\n<figure class=\"wp-block-image aligncenter size-full is-resized\"><a href=\"https:\/\/limfjorden.danmarksveteraner.dk\/wordpress\/wp-content\/uploads\/2025\/04\/UN_emblem_blue.png\"><img loading=\"lazy\" decoding=\"async\" width=\"906\" height=\"770\" src=\"https:\/\/limfjorden.danmarksveteraner.dk\/wordpress\/wp-content\/uploads\/2025\/04\/UN_emblem_blue.png\" alt=\"\" class=\"wp-image-2241\" style=\"width:399px;height:auto\" srcset=\"https:\/\/limfjorden.danmarksveteraner.dk\/wordpress\/wp-content\/uploads\/2025\/04\/UN_emblem_blue.png 906w, https:\/\/limfjorden.danmarksveteraner.dk\/wordpress\/wp-content\/uploads\/2025\/04\/UN_emblem_blue-300x255.png 300w, https:\/\/limfjorden.danmarksveteraner.dk\/wordpress\/wp-content\/uploads\/2025\/04\/UN_emblem_blue-768x653.png 768w\" sizes=\"auto, (max-width: 906px) 100vw, 906px\" \/><\/a><\/figure>\n\n\n\n<p class=\"has-text-align-center has-medium-font-size wp-block-paragraph\"><strong>DANMARKS VETERANER LIMFJORDEN<\/strong><\/p>\n\n\n\n<p class=\"has-text-align-center has-medium-font-size wp-block-paragraph\"><strong>INVITERER <\/strong><\/p>\n\n\n\n<p class=\"has-text-align-center has-medium-font-size wp-block-paragraph\"><strong>Veteraner og p\u00e5r\u00f8rende til Peacekeeper&#8217;s Day 2026 p\u00e5 Aalborg Kaserne<\/strong><\/p>\n\n\n\n<p class=\"wp-block-paragraph\">Vi fejrer og mindes alle peacekeepers &#8211; veteraner, der har v\u00e6ret udsendt under FN. <\/p>\n\n\n\n<p class=\"wp-block-paragraph\">Helt specielt markerer vi i 2026 70-\u00e5rs jubil\u00e6et for udsendelse af det danske styrkebidrag til United Nations Emergency Force Gaza. Den 15. november 1956 blev de f\u00f8rste 50 mand sendt afsted til \u00c6gypten. I marts 1957 var styrken p\u00e5 plads i Gaza, hvor i alt omkring 11.000 danske FN-soldater blev udsendt til indtil 1967. For at g\u00f8re dagen s\u00e5 festlig som mulig er det vigtigt at vi f\u00e5r s\u00e5 mange Gaza-veteraner fra hele perioden 1956 \u2013 1967 til at deltage. <\/p>\n\n\n\n<p class=\"wp-block-paragraph\">S\u00f8ren Matz, der har mange \u00e5rs erfaring med udsendelse og arbejde for FN i Gaza giver opdatering om historien og den aktuelle situation. <\/p>\n\n\n\n<p class=\"wp-block-paragraph\">Vi afslutter dagen med en reception og socialt samv\u00e6r i f\u00e6llesstuen.<\/p>\n\n\n\n<p class=\"wp-block-paragraph\"><strong>PROGRAM<\/strong><\/p>\n\n\n\n<p class=\"wp-block-paragraph\">13:30 &#8211; 14:00 H\u00f8jtidelighed ved Mindev\u00e6ggen med faner. Danmarks Veteraner Limfjorden nedl\u00e6gger krans.<\/p>\n\n\n\n<p class=\"wp-block-paragraph\">14:15 &#8211; 15:30 Foredrag om Gaza i Auditorie.<\/p>\n\n\n\n<p class=\"wp-block-paragraph\">15:45 &#8211; 17:00 Limfjorden inviterer til reception i f\u00e6llesstuen Bygning 29.<\/p>\n\n\n\n<p class=\"wp-block-paragraph\">Af hensyn til adgang til kasernen skal veteraner og p\u00e5r\u00f8rende udfylde tilmelding nedenfor <strong>senest 22.  maj 2026<\/strong>.<\/p>\n\n\n<div class=\"everest-forms\"><div class=\"evf-container default\" id=\"evf-2900\"><form id=\"evf-form-2900\" class=\"everest-form\" data-formid=\"2900\" data-ajax_submission=\"0\" data-keyboard_friendly_form=\"0\" data-form_state_type=\"\" method=\"post\" enctype=\"multipart\/form-data\" action=\"\/wordpress\/wp-json\/wp\/v2\/pages\/2894\"><div class=\"evf-field-container\"><input type=\"hidden\" id=\"_wpnonce2900\" name=\"_wpnonce2900\" value=\"e6aa7bb995\" \/><input type=\"hidden\" name=\"_wp_http_referer\" value=\"\/wordpress\/wp-json\/wp\/v2\/pages\/2894\" \/><div class=\"evf-frontend-row\" data-row=\"row_1\" conditional_rules=\"[]\"><div class=\"evf-frontend-grid evf-grid-1\" data-grid=\"grid_1\"><div id=\"evf-2900-field_RgmOpOi3lP-1-container\" class=\"evf-field evf-field-first-name form-row validate-required\" data-required-field-message=\"This field is required.\" data-field-id=\"RgmOpOi3lP-1\"><label class=\"evf-field-label\" for=\"evf-2900-field_RgmOpOi3lP-1\"><span class=\"evf-label\">Navn<\/span> <abbr class=\"required\" title=\"Required\">*<\/abbr><\/label><input type=\"text\" id=\"evf-2900-field_RgmOpOi3lP-1\" class=\"input-text\" name=\"everest_forms[form_fields][RgmOpOi3lP-1]\" required><\/div><\/div><\/div><div class=\"evf-frontend-row\" data-row=\"row_2\" conditional_rules=\"[]\"><div class=\"evf-frontend-grid evf-grid-1\" data-grid=\"grid_1\"><div id=\"evf-2900-field_5u1bt2VRya-2-container\" class=\"evf-field evf-field-email form-row validate-required validate-email\" data-required-field-message=\"sebbiconsult@me.com\" data-field-id=\"5u1bt2VRya-2\"><label class=\"evf-field-label\" for=\"evf-2900-field_5u1bt2VRya-2\"><span class=\"evf-label\">Email<\/span> <abbr class=\"required\" title=\"Required\">*<\/abbr><\/label><input type=\"email\" id=\"evf-2900-field_5u1bt2VRya-2\" class=\"input-text\" name=\"everest_forms[form_fields][5u1bt2VRya-2]\" required ><\/div><\/div><\/div><div class=\"evf-frontend-row\" data-row=\"row_3\" conditional_rules=\"[]\"><div class=\"evf-frontend-grid evf-grid-1\" data-grid=\"grid_1\"><div id=\"evf-2900-field_IkHLpbEOgq-3-container\" class=\"evf-field evf-field-number form-row validate-required\" data-required-field-message=\"Please enter a valid number.\" data-field-id=\"IkHLpbEOgq-3\"><label class=\"evf-field-label\" for=\"evf-2900-field_IkHLpbEOgq-3\"><span class=\"evf-label\">F\u00f8dselsdato (6 cifre)<\/span> <abbr class=\"required\" title=\"Required\">*<\/abbr><\/label><input type=\"number\" id=\"evf-2900-field_IkHLpbEOgq-3\" class=\"input-text\" name=\"everest_forms[form_fields][IkHLpbEOgq-3]\" required\/><\/div><div id=\"evf-2900-field_kUL1nn0ZME-4-container\" class=\"evf-field evf-field-first-name form-row validate-required\" data-required-field-message=\"This field is required.\" data-field-id=\"kUL1nn0ZME-4\"><label class=\"evf-field-label\" for=\"evf-2900-field_kUL1nn0ZME-4\"><span class=\"evf-label\">P\u00e5r\u00f8rende Navn<\/span> <abbr class=\"required\" title=\"Required\">*<\/abbr><\/label><input type=\"text\" id=\"evf-2900-field_kUL1nn0ZME-4\" class=\"input-text\" name=\"everest_forms[form_fields][kUL1nn0ZME-4]\" required><\/div><div id=\"evf-2900-field_9kpzWLOkk5-5-container\" class=\"evf-field evf-field-number form-row validate-required\" data-required-field-message=\"Please enter a valid number.\" data-field-id=\"9kpzWLOkk5-5\"><label class=\"evf-field-label\" for=\"evf-2900-field_9kpzWLOkk5-5\"><span class=\"evf-label\">P\u00e5r\u00f8rende f\u00f8dselsdato (6 cifre)<\/span> <abbr class=\"required\" title=\"Required\">*<\/abbr><\/label><input type=\"number\" id=\"evf-2900-field_9kpzWLOkk5-5\" class=\"input-text\" name=\"everest_forms[form_fields][9kpzWLOkk5-5]\" required\/><\/div><\/div><\/div><div class=\"evf-frontend-row\" data-row=\"row_4\" conditional_rules=\"[]\"><div class=\"evf-frontend-grid evf-grid-1\" data-grid=\"grid_1\"><\/div><\/div><\/div><div class=\"evf-honeypot-container evf-field-hp\"><label for=\"evf-2900-field-hp\" class=\"evf-field-label\">Message<\/label><input type=\"text\" name=\"everest_forms[hp]\" id=\"evf-2900-field-hp\" class=\"input-text\"><\/div><div class=\"evf-submit-container \" ><input type=\"hidden\" name=\"everest_forms[id]\" value=\"2900\"><input type=\"hidden\" name=\"everest_forms[author]\" value=\"1\"><button type='submit' name='everest_forms[submit]' class='everest-forms-submit-button button evf-submit ' id='evf-submit-2900' value='evf-submit' data-process-text=\"Processing\u2026\" conditional_rules='&quot;&quot;' conditional_id='evf-submit-2900'  id=\"evf-submit-2900\" aria-live=\"assertive\">Send tilmelding<\/button><\/div><\/form><\/div><!-- .evf-container --><\/div>\n\n\n\n<p class=\"wp-block-paragraph\"><\/p>\n","protected":false},"excerpt":{"rendered":"<p>DANMARKS VETERANER LIMFJORDEN INVITERER Veteraner og p\u00e5r\u00f8rende til Peacekeeper&#8217;s Day 2026 p\u00e5 Aalborg Kaserne Vi fejrer og mindes alle peacekeepers<\/p>\n","protected":false},"author":1,"featured_media":0,"parent":1363,"menu_order":0,"comment_status":"closed","ping_status":"closed","template":"","meta":{"_crdt_document":"","footnotes":""},"class_list":["post-2894","page","type-page","status-publish","hentry"],"_links":{"self":[{"href":"https:\/\/limfjorden.danmarksveteraner.dk\/wordpress\/wp-json\/wp\/v2\/pages\/2894","targetHints":{"allow":["GET"]}}],"collection":[{"href":"https:\/\/limfjorden.danmarksveteraner.dk\/wordpress\/wp-json\/wp\/v2\/pages"}],"about":[{"href":"https:\/\/limfjorden.danmarksveteraner.dk\/wordpress\/wp-json\/wp\/v2\/types\/page"}],"author":[{"embeddable":true,"href":"https:\/\/limfjorden.danmarksveteraner.dk\/wordpress\/wp-json\/wp\/v2\/users\/1"}],"replies":[{"embeddable":true,"href":"https:\/\/limfjorden.danmarksveteraner.dk\/wordpress\/wp-json\/wp\/v2\/comments?post=2894"}],"version-history":[{"count":6,"href":"https:\/\/limfjorden.danmarksveteraner.dk\/wordpress\/wp-json\/wp\/v2\/pages\/2894\/revisions"}],"predecessor-version":[{"id":2906,"href":"https:\/\/limfjorden.danmarksveteraner.dk\/wordpress\/wp-json\/wp\/v2\/pages\/2894\/revisions\/2906"}],"up":[{"embeddable":true,"href":"https:\/\/limfjorden.danmarksveteraner.dk\/wordpress\/wp-json\/wp\/v2\/pages\/1363"}],"wp:attachment":[{"href":"https:\/\/limfjorden.danmarksveteraner.dk\/wordpress\/wp-json\/wp\/v2\/media?parent=2894"}],"curies":[{"name":"wp","href":"https:\/\/api.w.org\/{rel}","templated":true}]}}