{"id":2888,"date":"2026-04-23T14:27:31","date_gmt":"2026-04-23T12:27:31","guid":{"rendered":"https:\/\/limfjorden.danmarksveteraner.dk\/wordpress\/?page_id=2888"},"modified":"2026-04-23T14:29:29","modified_gmt":"2026-04-23T12:29:29","slug":"fisketur-16-maj-2026","status":"publish","type":"page","link":"https:\/\/limfjorden.danmarksveteraner.dk\/wordpress\/aktiviteter\/lokalforeningens-aktiviteter\/fisketur-16-maj-2026\/","title":{"rendered":"FISKETUR 16. maj 2026"},"content":{"rendered":"\n<figure class=\"wp-block-image size-large\"><a href=\"https:\/\/limfjorden.danmarksveteraner.dk\/wordpress\/wp-content\/uploads\/2025\/03\/Fisketur.jpg\"><img loading=\"lazy\" decoding=\"async\" width=\"1024\" height=\"576\" src=\"https:\/\/limfjorden.danmarksveteraner.dk\/wordpress\/wp-content\/uploads\/2025\/03\/Fisketur-1024x576.jpg\" alt=\"\" class=\"wp-image-2153\" srcset=\"https:\/\/limfjorden.danmarksveteraner.dk\/wordpress\/wp-content\/uploads\/2025\/03\/Fisketur-1024x576.jpg 1024w, https:\/\/limfjorden.danmarksveteraner.dk\/wordpress\/wp-content\/uploads\/2025\/03\/Fisketur-300x169.jpg 300w, https:\/\/limfjorden.danmarksveteraner.dk\/wordpress\/wp-content\/uploads\/2025\/03\/Fisketur-768x432.jpg 768w, https:\/\/limfjorden.danmarksveteraner.dk\/wordpress\/wp-content\/uploads\/2025\/03\/Fisketur.jpg 1280w\" sizes=\"auto, (max-width: 1024px) 100vw, 1024px\" \/><\/a><\/figure>\n\n\n\n<p class=\"has-text-align-center wp-block-paragraph\"><strong>DANMARKS VETERANER LIMFJORDEN<\/strong><\/p>\n\n\n\n<p class=\"has-text-align-center has-medium-font-size wp-block-paragraph\">INVITERER<\/p>\n\n\n\n<p class=\"has-text-align-center has-medium-font-size wp-block-paragraph\">Veteraner og p\u00e5r\u00f8rende<\/p>\n\n\n\n<p class=\"has-text-align-center has-medium-font-size wp-block-paragraph\">FISKETUR SERRITSLEV FISKEPARK<\/p>\n\n\n\n<p class=\"has-text-align-center wp-block-paragraph\"><strong>16. maj 2026 <\/strong><\/p>\n\n\n\n<p class=\"wp-block-paragraph\">Kom til en hyggelig dag sammen med andre veteraner i sk\u00f8nne omgivelser i Serritslev Fiskepark. Vi m\u00f8des kl. 10:00 og fisker nogle timer. Limfjorden byder p\u00e5 mad og drikke. Du medbringer dit eget fiskegrej. Hvis du ikke har eget grej kan du l\u00e5ne p\u00e5 stedet. Adgang, fiskekort og traktement er gratis.<\/p>\n\n\n\n<p class=\"wp-block-paragraph\">Tilmeld dig nedenfor senest 14. maj 2026:<\/p>\n\n\n<div class=\"everest-forms\"><div class=\"evf-container default\" id=\"evf-2890\"><form id=\"evf-form-2890\" class=\"everest-form\" data-formid=\"2890\" data-ajax_submission=\"0\" data-keyboard_friendly_form=\"0\" data-form_state_type=\"\" method=\"post\" enctype=\"multipart\/form-data\" action=\"\/wordpress\/wp-json\/wp\/v2\/pages\/2888\"><div class=\"evf-field-container\"><input type=\"hidden\" id=\"_wpnonce2890\" name=\"_wpnonce2890\" value=\"4af537460c\" \/><input type=\"hidden\" name=\"_wp_http_referer\" value=\"\/wordpress\/wp-json\/wp\/v2\/pages\/2888\" \/><div class=\"evf-frontend-row\" data-row=\"row_1\" conditional_rules=\"[]\"><div class=\"evf-frontend-grid evf-grid-1\" data-grid=\"grid_1\"><div id=\"evf-2890-field_EXZXylgqav-1-container\" class=\"evf-field evf-field-first-name form-row validate-required\" data-required-field-message=\"This field is required.\" data-field-id=\"EXZXylgqav-1\"><label class=\"evf-field-label\" for=\"evf-2890-field_EXZXylgqav-1\"><span class=\"evf-label\">Navn<\/span> <abbr class=\"required\" title=\"Required\">*<\/abbr><\/label><input type=\"text\" id=\"evf-2890-field_EXZXylgqav-1\" class=\"input-text\" name=\"everest_forms[form_fields][EXZXylgqav-1]\" required><\/div><\/div><\/div><div class=\"evf-frontend-row\" data-row=\"row_2\" conditional_rules=\"[]\"><div class=\"evf-frontend-grid evf-grid-1\" data-grid=\"grid_1\"><div id=\"evf-2890-field_AuBuYF4tMU-2-container\" class=\"evf-field evf-field-number form-row validate-required\" data-required-field-message=\"Please enter a valid number.\" data-field-id=\"AuBuYF4tMU-2\"><label class=\"evf-field-label\" for=\"evf-2890-field_AuBuYF4tMU-2\"><span class=\"evf-label\">Antal p\u00e5r\u00f8rende<\/span> <abbr class=\"required\" title=\"Required\">*<\/abbr><\/label><input type=\"number\" id=\"evf-2890-field_AuBuYF4tMU-2\" class=\"input-text\" name=\"everest_forms[form_fields][AuBuYF4tMU-2]\" required\/><\/div><\/div><\/div><\/div><div class=\"evf-honeypot-container evf-field-hp\"><label for=\"evf-2890-field-hp\" class=\"evf-field-label\">Phone<\/label><input type=\"text\" name=\"everest_forms[hp]\" id=\"evf-2890-field-hp\" class=\"input-text\"><\/div><div class=\"evf-submit-container \" ><input type=\"hidden\" name=\"everest_forms[id]\" value=\"2890\"><input type=\"hidden\" name=\"everest_forms[author]\" value=\"1\"><button type='submit' name='everest_forms[submit]' class='everest-forms-submit-button button evf-submit ' id='evf-submit-2890' value='evf-submit' data-process-text=\"Processing\u2026\" conditional_rules='&quot;&quot;' conditional_id='evf-submit-2890'  id=\"evf-submit-2890\" aria-live=\"assertive\">Send tilmelding<\/button><\/div><\/form><\/div><!-- .evf-container --><\/div>\n","protected":false},"excerpt":{"rendered":"<p>DANMARKS VETERANER LIMFJORDEN INVITERER Veteraner og p\u00e5r\u00f8rende FISKETUR SERRITSLEV FISKEPARK 16. maj 2026 Kom til en hyggelig dag sammen med<\/p>\n","protected":false},"author":1,"featured_media":0,"parent":1363,"menu_order":0,"comment_status":"closed","ping_status":"closed","template":"","meta":{"_crdt_document":"","footnotes":""},"class_list":["post-2888","page","type-page","status-publish","hentry"],"_links":{"self":[{"href":"https:\/\/limfjorden.danmarksveteraner.dk\/wordpress\/wp-json\/wp\/v2\/pages\/2888","targetHints":{"allow":["GET"]}}],"collection":[{"href":"https:\/\/limfjorden.danmarksveteraner.dk\/wordpress\/wp-json\/wp\/v2\/pages"}],"about":[{"href":"https:\/\/limfjorden.danmarksveteraner.dk\/wordpress\/wp-json\/wp\/v2\/types\/page"}],"author":[{"embeddable":true,"href":"https:\/\/limfjorden.danmarksveteraner.dk\/wordpress\/wp-json\/wp\/v2\/users\/1"}],"replies":[{"embeddable":true,"href":"https:\/\/limfjorden.danmarksveteraner.dk\/wordpress\/wp-json\/wp\/v2\/comments?post=2888"}],"version-history":[{"count":2,"href":"https:\/\/limfjorden.danmarksveteraner.dk\/wordpress\/wp-json\/wp\/v2\/pages\/2888\/revisions"}],"predecessor-version":[{"id":2891,"href":"https:\/\/limfjorden.danmarksveteraner.dk\/wordpress\/wp-json\/wp\/v2\/pages\/2888\/revisions\/2891"}],"up":[{"embeddable":true,"href":"https:\/\/limfjorden.danmarksveteraner.dk\/wordpress\/wp-json\/wp\/v2\/pages\/1363"}],"wp:attachment":[{"href":"https:\/\/limfjorden.danmarksveteraner.dk\/wordpress\/wp-json\/wp\/v2\/media?parent=2888"}],"curies":[{"name":"wp","href":"https:\/\/api.w.org\/{rel}","templated":true}]}}