{"id":2877,"date":"2026-04-22T14:54:37","date_gmt":"2026-04-22T12:54:37","guid":{"rendered":"https:\/\/limfjorden.danmarksveteraner.dk\/wordpress\/?page_id=2877"},"modified":"2026-04-23T11:37:08","modified_gmt":"2026-04-23T09:37:08","slug":"fugleskydning-15-august-2026","status":"publish","type":"page","link":"https:\/\/limfjorden.danmarksveteraner.dk\/wordpress\/aktiviteter\/lokalforeningens-aktiviteter\/fugleskydning-15-august-2026\/","title":{"rendered":"FUGLESKYDNING 15 AUGUST 2026"},"content":{"rendered":"\n<figure class=\"wp-block-image size-large\"><a href=\"https:\/\/limfjorden.danmarksveteraner.dk\/wordpress\/wp-content\/uploads\/2026\/04\/Logo-scaled.jpg\"><img loading=\"lazy\" decoding=\"async\" width=\"1024\" height=\"211\" src=\"https:\/\/limfjorden.danmarksveteraner.dk\/wordpress\/wp-content\/uploads\/2026\/04\/Logo-1024x211.jpg\" alt=\"\" class=\"wp-image-2882\" srcset=\"https:\/\/limfjorden.danmarksveteraner.dk\/wordpress\/wp-content\/uploads\/2026\/04\/Logo-1024x211.jpg 1024w, https:\/\/limfjorden.danmarksveteraner.dk\/wordpress\/wp-content\/uploads\/2026\/04\/Logo-300x62.jpg 300w, https:\/\/limfjorden.danmarksveteraner.dk\/wordpress\/wp-content\/uploads\/2026\/04\/Logo-768x158.jpg 768w, https:\/\/limfjorden.danmarksveteraner.dk\/wordpress\/wp-content\/uploads\/2026\/04\/Logo-1536x317.jpg 1536w, https:\/\/limfjorden.danmarksveteraner.dk\/wordpress\/wp-content\/uploads\/2026\/04\/Logo-2048x422.jpg 2048w\" sizes=\"auto, (max-width: 1024px) 100vw, 1024px\" \/><\/a><\/figure>\n\n\n\n<p class=\"has-text-align-center wp-block-paragraph\"><strong>Dronningens Livregiments Soldaterforening,<\/strong><\/p>\n\n\n\n<p class=\"has-text-align-center wp-block-paragraph\"><strong>De Danske Forsvarsbr\u00f8dre Nordjylland<\/strong><strong><\/strong><\/p>\n\n\n\n<p class=\"has-text-align-center wp-block-paragraph\"><strong>\u00a0Flyvev\u00e5bnets Soldaterforening <\/strong><\/p>\n\n\n\n<p class=\"has-text-align-center wp-block-paragraph\"><strong>Danmarks Veteraner Limfjorden og<\/strong><strong><\/strong><\/p>\n\n\n\n<p class=\"has-text-align-center wp-block-paragraph\"><strong>Tr\u00e6nregimentets soldaterforening<\/strong><\/p>\n\n\n\n<p class=\"has-text-align-center wp-block-paragraph\"><strong>inviterer til fugleskydning\u00a0\u00a0\u00a0\u00a0\u00a0\u00a0 <\/strong><\/p>\n\n\n\n<p class=\"wp-block-paragraph\">&nbsp;Ved \u00e5rets fugleskydning er de 5 soldaterforeninger g\u00e5et sammen om at afholde Fugleskydning. Soldaterforeningerne opfordrer medlemmerne i de 5 soldaterforeninger til at m\u00f8de talst\u00e6rkt op og tage familie, b\u00f8rn og venner med. Det bliver en uforglemmelig dag. Skydningen foreg\u00e5r p\u00e5 30 m kortskydebanerne Gammel Hvorupvej l\u00f8rdag den 15. august 2026.<\/p>\n\n\n\n<p class=\"has-medium-font-size wp-block-paragraph\"><strong>Program<\/strong><\/p>\n\n\n\n<p class=\"wp-block-paragraph\"><strong>kl. 0900<\/strong><\/p>\n\n\n\n<p class=\"wp-block-paragraph\">Registrering, husk at medbringe billede id, k\u00f8b af kaffe og morgenmad, k\u00f8b af skydekort (en betingelse for at deltage i skydningen) og instruks for fugleskydningen<\/p>\n\n\n\n<p class=\"wp-block-paragraph\"><strong>kl. 1000<\/strong><\/p>\n\n\n\n<p class=\"wp-block-paragraph\">Fuglekongerne ankommer og alle st\u00e5r klar til at modtage dem, herefter instruks ved den forening man har tilmeldt sig ved til skydning. Soldaterforeningen er v\u00e6rt med en morgenbitter, herefter \u00e5bner Fuglekongerne skydningen<\/p>\n\n\n\n<p class=\"wp-block-paragraph\"><strong>kl. ca. 1200<\/strong><\/p>\n\n\n\n<p class=\"wp-block-paragraph\">Holder vi frokostpause, hvor vi kan fort\u00e6re medbragte madpakker. \u00d8l, vand, kaffe og p\u00f8lser m.m. kan k\u00f8bes p\u00e5 banen til rimelige priser.<\/p>\n\n\n\n<p class=\"wp-block-paragraph\"><strong>kl. ca. 1500<\/strong><\/p>\n\n\n\n<p class=\"wp-block-paragraph\">K\u00e5res \u00e5rets fuglekonger (DRLRSF og DFB) og skyttekonge, det tilstr\u00e6bes at uddele pr\u00e6mier n\u00e5r der er skudt f\u00e6rdig. <\/p>\n\n\n\n<p class=\"wp-block-paragraph\">Ved siden af selve fugleskydningen vil der v\u00e6re blindskydning. Der vil ogs\u00e5 v\u00e6re mulighed for at k\u00f8be nogle af foreningernes souvenirs.<\/p>\n\n\n\n<p class=\"wp-block-paragraph\"><strong>OBS!<\/strong> <strong>Da der er flere som er medlem af to eller flere af disse foreninger, har bestyrelserne besluttet at man KUN kan skyde for en forening.<\/strong><strong>&nbsp;Fuglekongen <u>skal<\/u> deltage ved den forening man er blevet fuglekonge ved. <\/strong><strong>Skydende deltagere har lov til at indtage en start bitter og en \u00f8l til frokost. Det er det maksimale. <\/strong><strong>Deltager som \u00f8nsker at indtage mere end ovenst\u00e5ende, kan ikke deltage i skydningerne.<\/strong> <strong>N\u00e5r skydningen er afsluttet, kan de skydende deltagere indtage yderligere alkohol ift. fornuft og betjening af k\u00f8ret\u00f8j.<\/strong><\/p>\n\n\n\n<p class=\"has-medium-font-size wp-block-paragraph\"><strong>K\u00f8b af skydekort til fugleskydningen 2026<\/strong><\/p>\n\n\n\n<p class=\"wp-block-paragraph\"><strong>Prisen p\u00e5 kortene er 10 kr. pr. stk. og 75 kr. for 12 stk.<\/strong><\/p>\n\n\n\n<p class=\"wp-block-paragraph\">Ekstra skydekort kan k\u00f8bes p\u00e5 banen. Der er fine pr\u00e6mier. Alle, der har k\u00f8bt skydekort kan deltage i fugleskydningen.<\/p>\n\n\n\n<p class=\"wp-block-paragraph\">I \u00e5r kan de attraktive skydekort k\u00f8bes p\u00e5 f\u00f8lgende m\u00e5der:<\/p>\n\n\n\n<p class=\"wp-block-paragraph\">1. Indbetal bel\u00f8bet p\u00e5 MobilePay <strong>45051<\/strong> (husk at angive navn og telefonnr.) Ronny vil s\u00e5 udfylde skydekortene og s\u00f8rge for at du deltager i lodtr\u00e6kningen om de mange flotte pr\u00e6mier.<\/p>\n\n\n\n<p class=\"wp-block-paragraph\">2. Der kan k\u00f8bes skydekort p\u00e5 dagen via kasserer Ronny.<\/p>\n\n\n\n<p class=\"has-medium-font-size wp-block-paragraph\"><strong>Tilmelding<\/strong><\/p>\n\n\n\n<p class=\"wp-block-paragraph\">Af flere kr\u00e6vede hensyn, samt civile skyderegler er tilmelding n\u00f8dvendig <strong>senest l\u00f8rdag den 4. august <\/strong>med f\u00f8lgende oplysninger: for- og efternavn, f\u00f8dselsdato hvis man \u00f8nsker at deltage. Tilmelding nedenfor:<\/p>\n\n\n<div class=\"everest-forms\"><div class=\"evf-container default\" id=\"evf-2879\"><form id=\"evf-form-2879\" class=\"everest-form\" data-formid=\"2879\" data-ajax_submission=\"0\" data-keyboard_friendly_form=\"0\" data-form_state_type=\"\" method=\"post\" enctype=\"multipart\/form-data\" action=\"\/wordpress\/wp-json\/wp\/v2\/pages\/2877\"><div class=\"evf-field-container\"><input type=\"hidden\" id=\"_wpnonce2879\" name=\"_wpnonce2879\" value=\"4af537460c\" \/><input type=\"hidden\" name=\"_wp_http_referer\" value=\"\/wordpress\/wp-json\/wp\/v2\/pages\/2877\" \/><div class=\"evf-frontend-row\" data-row=\"row_1\" conditional_rules=\"[]\"><div class=\"evf-frontend-grid evf-grid-1\" data-grid=\"grid_1\"><div id=\"evf-2879-field_hR0ghrgyOa-1-container\" class=\"evf-field evf-field-first-name form-row validate-required\" data-required-field-message=\"This field is required.\" data-field-id=\"hR0ghrgyOa-1\"><label class=\"evf-field-label\" for=\"evf-2879-field_hR0ghrgyOa-1\"><span class=\"evf-label\">Navn<\/span> <abbr class=\"required\" title=\"Required\">*<\/abbr><\/label><input type=\"text\" id=\"evf-2879-field_hR0ghrgyOa-1\" class=\"input-text\" name=\"everest_forms[form_fields][hR0ghrgyOa-1]\" required><\/div><\/div><\/div><div class=\"evf-frontend-row\" data-row=\"row_2\" conditional_rules=\"[]\"><div class=\"evf-frontend-grid evf-grid-1\" data-grid=\"grid_1\"><div id=\"evf-2879-field_424wBBUYal-2-container\" class=\"evf-field evf-field-number form-row validate-required\" data-required-field-message=\"Please enter a valid number.\" data-field-id=\"424wBBUYal-2\"><label class=\"evf-field-label\" for=\"evf-2879-field_424wBBUYal-2\"><span class=\"evf-label\">F\u00f8dselsdato (6 cifre)<\/span> <abbr class=\"required\" title=\"Required\">*<\/abbr><\/label><input type=\"number\" id=\"evf-2879-field_424wBBUYal-2\" class=\"input-text\" name=\"everest_forms[form_fields][424wBBUYal-2]\" required\/><\/div><\/div><\/div><div class=\"evf-frontend-row\" data-row=\"row_3\" conditional_rules=\"[]\"><div class=\"evf-frontend-grid evf-grid-1\" data-grid=\"grid_1\"><div id=\"evf-2879-field_ZHKH3DukMy-3-container\" class=\"evf-field evf-field-number form-row validate-required\" data-required-field-message=\"Please enter a valid number.\" data-field-id=\"ZHKH3DukMy-3\"><label class=\"evf-field-label\" for=\"evf-2879-field_ZHKH3DukMy-3\"><span class=\"evf-label\">Antal p\u00e5r\u00f8rende<\/span> <abbr class=\"required\" title=\"Required\">*<\/abbr><\/label><input type=\"number\" id=\"evf-2879-field_ZHKH3DukMy-3\" class=\"input-text\" name=\"everest_forms[form_fields][ZHKH3DukMy-3]\" required\/><\/div><\/div><\/div><\/div><div class=\"evf-honeypot-container evf-field-hp\"><label for=\"evf-2879-field-hp\" class=\"evf-field-label\">Email<\/label><input type=\"text\" name=\"everest_forms[hp]\" id=\"evf-2879-field-hp\" class=\"input-text\"><\/div><div class=\"evf-submit-container \" ><input type=\"hidden\" name=\"everest_forms[id]\" value=\"2879\"><input type=\"hidden\" name=\"everest_forms[author]\" value=\"1\"><button type='submit' name='everest_forms[submit]' class='everest-forms-submit-button button evf-submit ' id='evf-submit-2879' value='evf-submit' data-process-text=\"Processing\u2026\" conditional_rules='&quot;&quot;' conditional_id='evf-submit-2879'  id=\"evf-submit-2879\" aria-live=\"assertive\">Send<\/button><\/div><\/form><\/div><!-- .evf-container --><\/div>\n\n\n\n<p class=\"wp-block-paragraph\"><\/p>\n","protected":false},"excerpt":{"rendered":"<p>Dronningens Livregiments Soldaterforening, De Danske Forsvarsbr\u00f8dre Nordjylland \u00a0Flyvev\u00e5bnets Soldaterforening Danmarks Veteraner Limfjorden og Tr\u00e6nregimentets soldaterforening inviterer til fugleskydning\u00a0\u00a0\u00a0\u00a0\u00a0\u00a0 &nbsp;Ved \u00e5rets<\/p>\n","protected":false},"author":1,"featured_media":0,"parent":1363,"menu_order":0,"comment_status":"closed","ping_status":"closed","template":"","meta":{"_crdt_document":"","footnotes":""},"class_list":["post-2877","page","type-page","status-publish","hentry"],"_links":{"self":[{"href":"https:\/\/limfjorden.danmarksveteraner.dk\/wordpress\/wp-json\/wp\/v2\/pages\/2877","targetHints":{"allow":["GET"]}}],"collection":[{"href":"https:\/\/limfjorden.danmarksveteraner.dk\/wordpress\/wp-json\/wp\/v2\/pages"}],"about":[{"href":"https:\/\/limfjorden.danmarksveteraner.dk\/wordpress\/wp-json\/wp\/v2\/types\/page"}],"author":[{"embeddable":true,"href":"https:\/\/limfjorden.danmarksveteraner.dk\/wordpress\/wp-json\/wp\/v2\/users\/1"}],"replies":[{"embeddable":true,"href":"https:\/\/limfjorden.danmarksveteraner.dk\/wordpress\/wp-json\/wp\/v2\/comments?post=2877"}],"version-history":[{"count":5,"href":"https:\/\/limfjorden.danmarksveteraner.dk\/wordpress\/wp-json\/wp\/v2\/pages\/2877\/revisions"}],"predecessor-version":[{"id":2887,"href":"https:\/\/limfjorden.danmarksveteraner.dk\/wordpress\/wp-json\/wp\/v2\/pages\/2877\/revisions\/2887"}],"up":[{"embeddable":true,"href":"https:\/\/limfjorden.danmarksveteraner.dk\/wordpress\/wp-json\/wp\/v2\/pages\/1363"}],"wp:attachment":[{"href":"https:\/\/limfjorden.danmarksveteraner.dk\/wordpress\/wp-json\/wp\/v2\/media?parent=2877"}],"curies":[{"name":"wp","href":"https:\/\/api.w.org\/{rel}","templated":true}]}}