{"id":181,"date":"2016-08-19T21:00:17","date_gmt":"2016-08-19T19:00:17","guid":{"rendered":"http:\/\/limfjorden.danmarksveteraner.dk\/wordpress\/?page_id=181"},"modified":"2018-01-10T20:41:38","modified_gmt":"2018-01-10T19:41:38","slug":"mindevaeg-paa-aalborg-kaserner","status":"publish","type":"page","link":"https:\/\/limfjorden.danmarksveteraner.dk\/wordpress\/aalborg-kaserner\/mindevaeg-paa-aalborg-kaserner\/","title":{"rendered":"Mindev\u00e6g"},"content":{"rendered":"<p><a href=\"http:\/\/limfjorden.danmarksveteraner.dk\/wordpress\/wp-content\/uploads\/2016\/08\/mindev\u00e6g-aalborg-kaserner-sep-2017.jpg\"><img loading=\"lazy\" decoding=\"async\" class=\"aligncenter wp-image-584 size-full\" src=\"http:\/\/limfjorden.danmarksveteraner.dk\/wordpress\/wp-content\/uploads\/2016\/08\/mindev\u00e6g-aalborg-kaserner-sep-2017.jpg\" alt=\"\" width=\"960\" height=\"720\" srcset=\"https:\/\/limfjorden.danmarksveteraner.dk\/wordpress\/wp-content\/uploads\/2016\/08\/mindev\u00e6g-aalborg-kaserner-sep-2017.jpg 960w, https:\/\/limfjorden.danmarksveteraner.dk\/wordpress\/wp-content\/uploads\/2016\/08\/mindev\u00e6g-aalborg-kaserner-sep-2017-300x225.jpg 300w, https:\/\/limfjorden.danmarksveteraner.dk\/wordpress\/wp-content\/uploads\/2016\/08\/mindev\u00e6g-aalborg-kaserner-sep-2017-768x576.jpg 768w\" sizes=\"auto, (max-width: 960px) 100vw, 960px\" \/><\/a><\/p>\n<p><a href=\"http:\/\/limfjorden.danmarksveteraner.dk\/wordpress\/wp-content\/uploads\/2016\/08\/IMG_0955.jpg\"><img loading=\"lazy\" decoding=\"async\" class=\"aligncenter wp-image-185\" src=\"http:\/\/limfjorden.danmarksveteraner.dk\/wordpress\/wp-content\/uploads\/2016\/08\/IMG_0955-1024x768.jpg\" alt=\"IMG_0955\" width=\"960\" height=\"720\" srcset=\"https:\/\/limfjorden.danmarksveteraner.dk\/wordpress\/wp-content\/uploads\/2016\/08\/IMG_0955-1024x768.jpg 1024w, https:\/\/limfjorden.danmarksveteraner.dk\/wordpress\/wp-content\/uploads\/2016\/08\/IMG_0955-300x225.jpg 300w, https:\/\/limfjorden.danmarksveteraner.dk\/wordpress\/wp-content\/uploads\/2016\/08\/IMG_0955-768x576.jpg 768w\" sizes=\"auto, (max-width: 960px) 100vw, 960px\" \/><\/a><\/p>\n<p><a href=\"http:\/\/limfjorden.danmarksveteraner.dk\/wordpress\/wp-content\/uploads\/2016\/08\/mindev\u00e6g-p\u00e5-Aalborg-Kaserner.pdf\">mindev\u00e6g p\u00e5 Aalborg Kaserner<\/a><\/p>\n<p>Klik p\u00e5 linket for at l\u00e6se dokumentet.<\/p>\n","protected":false},"excerpt":{"rendered":"<p>mindev\u00e6g p\u00e5 Aalborg Kaserner Klik p\u00e5 linket for at l\u00e6se dokumentet.<\/p>\n","protected":false},"author":1,"featured_media":0,"parent":638,"menu_order":6,"comment_status":"closed","ping_status":"closed","template":"","meta":{"_crdt_document":"","footnotes":""},"class_list":["post-181","page","type-page","status-publish","hentry"],"_links":{"self":[{"href":"https:\/\/limfjorden.danmarksveteraner.dk\/wordpress\/wp-json\/wp\/v2\/pages\/181","targetHints":{"allow":["GET"]}}],"collection":[{"href":"https:\/\/limfjorden.danmarksveteraner.dk\/wordpress\/wp-json\/wp\/v2\/pages"}],"about":[{"href":"https:\/\/limfjorden.danmarksveteraner.dk\/wordpress\/wp-json\/wp\/v2\/types\/page"}],"author":[{"embeddable":true,"href":"https:\/\/limfjorden.danmarksveteraner.dk\/wordpress\/wp-json\/wp\/v2\/users\/1"}],"replies":[{"embeddable":true,"href":"https:\/\/limfjorden.danmarksveteraner.dk\/wordpress\/wp-json\/wp\/v2\/comments?post=181"}],"version-history":[{"count":8,"href":"https:\/\/limfjorden.danmarksveteraner.dk\/wordpress\/wp-json\/wp\/v2\/pages\/181\/revisions"}],"predecessor-version":[{"id":640,"href":"https:\/\/limfjorden.danmarksveteraner.dk\/wordpress\/wp-json\/wp\/v2\/pages\/181\/revisions\/640"}],"up":[{"embeddable":true,"href":"https:\/\/limfjorden.danmarksveteraner.dk\/wordpress\/wp-json\/wp\/v2\/pages\/638"}],"wp:attachment":[{"href":"https:\/\/limfjorden.danmarksveteraner.dk\/wordpress\/wp-json\/wp\/v2\/media?parent=181"}],"curies":[{"name":"wp","href":"https:\/\/api.w.org\/{rel}","templated":true}]}}