{"id":1534,"date":"2024-08-10T20:53:30","date_gmt":"2024-08-10T18:53:30","guid":{"rendered":"https:\/\/limfjorden.danmarksveteraner.dk\/wordpress\/?page_id=1534"},"modified":"2026-03-15T15:36:25","modified_gmt":"2026-03-15T14:36:25","slug":"mobilepay","status":"publish","type":"page","link":"https:\/\/limfjorden.danmarksveteraner.dk\/wordpress\/organisation\/mobilepay\/","title":{"rendered":"MobilePay"},"content":{"rendered":"\n<figure class=\"wp-block-image size-full is-resized\"><a href=\"https:\/\/limfjorden.danmarksveteraner.dk\/wordpress\/wp-content\/uploads\/2026\/03\/IMG_1074kopi.jpeg\"><img loading=\"lazy\" decoding=\"async\" width=\"780\" height=\"705\" src=\"https:\/\/limfjorden.danmarksveteraner.dk\/wordpress\/wp-content\/uploads\/2026\/03\/IMG_1074kopi.jpeg\" alt=\"\" class=\"wp-image-2856\" style=\"aspect-ratio:1.1064001887863146;width:308px;height:auto\" srcset=\"https:\/\/limfjorden.danmarksveteraner.dk\/wordpress\/wp-content\/uploads\/2026\/03\/IMG_1074kopi.jpeg 780w, https:\/\/limfjorden.danmarksveteraner.dk\/wordpress\/wp-content\/uploads\/2026\/03\/IMG_1074kopi-300x271.jpeg 300w, https:\/\/limfjorden.danmarksveteraner.dk\/wordpress\/wp-content\/uploads\/2026\/03\/IMG_1074kopi-768x694.jpeg 768w\" sizes=\"auto, (max-width: 780px) 100vw, 780px\" \/><\/a><\/figure>\n\n\n\n<p class=\"wp-block-paragraph\">Scan koden med kameraet p\u00e5 din telefon. Dette vil installere MobilePay adressen til Danmarks Veteraner, Lokalforening Limfjorden. Du kan nu anvende MobilePay ved tilmeldinger til arrangementer med egenbetaling, k\u00f8b i baren eller donationer til foreningen.<\/p>\n\n\n\n<p class=\"wp-block-paragraph\">Husk at anf\u00f8re dato for den aktivitet du betaler til i kommentarfeltet p\u00e5 din MobilePay overf\u00f8rsel. <\/p>\n\n\n\n<p class=\"wp-block-paragraph\">Har du udfordringer ved brug af MobilePay kan du kontakte foreningen p\u00e5 limfjorden@danmarksveteraner.dk. Vi lover at hj\u00e6lpe dig.<\/p>\n\n\n\n<p class=\"wp-block-paragraph\"><\/p>\n","protected":false},"excerpt":{"rendered":"<p>Scan koden med kameraet p\u00e5 din telefon. Dette vil installere MobilePay adressen til Danmarks Veteraner, Lokalforening Limfjorden. Du kan nu<\/p>\n","protected":false},"author":1,"featured_media":0,"parent":89,"menu_order":0,"comment_status":"closed","ping_status":"closed","template":"","meta":{"_crdt_document":"","footnotes":""},"class_list":["post-1534","page","type-page","status-publish","hentry"],"_links":{"self":[{"href":"https:\/\/limfjorden.danmarksveteraner.dk\/wordpress\/wp-json\/wp\/v2\/pages\/1534","targetHints":{"allow":["GET"]}}],"collection":[{"href":"https:\/\/limfjorden.danmarksveteraner.dk\/wordpress\/wp-json\/wp\/v2\/pages"}],"about":[{"href":"https:\/\/limfjorden.danmarksveteraner.dk\/wordpress\/wp-json\/wp\/v2\/types\/page"}],"author":[{"embeddable":true,"href":"https:\/\/limfjorden.danmarksveteraner.dk\/wordpress\/wp-json\/wp\/v2\/users\/1"}],"replies":[{"embeddable":true,"href":"https:\/\/limfjorden.danmarksveteraner.dk\/wordpress\/wp-json\/wp\/v2\/comments?post=1534"}],"version-history":[{"count":5,"href":"https:\/\/limfjorden.danmarksveteraner.dk\/wordpress\/wp-json\/wp\/v2\/pages\/1534\/revisions"}],"predecessor-version":[{"id":2857,"href":"https:\/\/limfjorden.danmarksveteraner.dk\/wordpress\/wp-json\/wp\/v2\/pages\/1534\/revisions\/2857"}],"up":[{"embeddable":true,"href":"https:\/\/limfjorden.danmarksveteraner.dk\/wordpress\/wp-json\/wp\/v2\/pages\/89"}],"wp:attachment":[{"href":"https:\/\/limfjorden.danmarksveteraner.dk\/wordpress\/wp-json\/wp\/v2\/media?parent=1534"}],"curies":[{"name":"wp","href":"https:\/\/api.w.org\/{rel}","templated":true}]}}